{"id":9192,"date":"2025-10-21T20:14:36","date_gmt":"2025-10-21T20:14:36","guid":{"rendered":"https:\/\/www.hearpeers.us\/?page_id=9192"},"modified":"2025-11-03T18:46:36","modified_gmt":"2025-11-03T18:46:36","slug":"home-espanol","status":"publish","type":"page","link":"https:\/\/www.hearpeers.us\/?page_id=9192","title":{"rendered":"New Home &#8211; Espanol"},"content":{"rendered":"\n<div class=\"wp-block-cover has-custom-content-position is-position-top-center\" style=\"min-height:100vh;aspect-ratio:unset;\"><img loading=\"lazy\" decoding=\"async\" width=\"1024\" height=\"587\" class=\"wp-block-cover__image-background wp-image-678\" alt=\"\" src=\"https:\/\/www.hearpeers.us\/wp-content\/uploads\/thisiswhy2-1024x587.jpg\" data-object-fit=\"cover\" srcset=\"https:\/\/www.hearpeers.us\/wp-content\/uploads\/thisiswhy2-1024x587.jpg 1024w, https:\/\/www.hearpeers.us\/wp-content\/uploads\/thisiswhy2-300x172.jpg 300w, https:\/\/www.hearpeers.us\/wp-content\/uploads\/thisiswhy2-768x440.jpg 768w, https:\/\/www.hearpeers.us\/wp-content\/uploads\/thisiswhy2.jpg 1920w\" sizes=\"auto, (max-width: 1024px) 100vw, 1024px\" \/><span aria-hidden=\"true\" class=\"wp-block-cover__background has-background-dim\"><\/span><div class=\"wp-block-cover__inner-container is-layout-flow wp-block-cover-is-layout-flow\">\n<header class=\"wp-block-group has-global-padding is-content-justification-right is-layout-constrained wp-container-core-group-is-layout-4be4826a wp-block-group-is-layout-constrained wp-container-1 is-position-sticky\" style=\"margin-top:0;margin-bottom:0;padding-right:40px;padding-left:40px\">\n<div class=\"wp-block-group is-content-justification-right is-nowrap is-layout-flex wp-container-core-group-is-layout-fe73da09 wp-block-group-is-layout-flex\" style=\"padding-top:0px;padding-bottom:0px\">\n<p class=\"has-base-color has-text-color has-link-color wp-elements-53afe63617a742d7f2ad4e5e03bf748e\" style=\"font-size:12px;text-transform:uppercase\"><a href=\"https:\/\/www.hearpeers.us\/\" data-type=\"page\" data-id=\"9044\">english<\/a> | <a href=\"https:\/\/www.hearpeers.us\/?page_id=9192\" data-type=\"page\" data-id=\"9192\">Espanol<\/a><\/p>\n\n\n\n<ul class=\"wp-block-social-links has-icon-color has-icon-background-color is-style-default is-content-justification-right is-layout-flex wp-container-core-social-links-is-layout-1e03947d wp-block-social-links-is-layout-flex\" style=\"margin-left:var(--wp--preset--spacing--30)\"><li style=\"color:#ffffff;background-color:#abb8c3;\" class=\"wp-social-link wp-social-link-facebook has-base-color has-cyan-bluish-gray-background-color wp-block-social-link\"><a href=\"https:\/\/www.facebook.com\/medel.unitedstates\" class=\"wp-block-social-link-anchor\"><svg width=\"24\" height=\"24\" viewBox=\"0 0 24 24\" version=\"1.1\" xmlns=\"http:\/\/www.w3.org\/2000\/svg\" aria-hidden=\"true\" focusable=\"false\"><path d=\"M12 2C6.5 2 2 6.5 2 12c0 5 3.7 9.1 8.4 9.9v-7H7.9V12h2.5V9.8c0-2.5 1.5-3.9 3.8-3.9 1.1 0 2.2.2 2.2.2v2.5h-1.3c-1.2 0-1.6.8-1.6 1.6V12h2.8l-.4 2.9h-2.3v7C18.3 21.1 22 17 22 12c0-5.5-4.5-10-10-10z\"><\/path><\/svg><span class=\"wp-block-social-link-label screen-reader-text\">Facebook<\/span><\/a><\/li>\n\n<li style=\"color:#ffffff;background-color:#abb8c3;\" class=\"wp-social-link wp-social-link-twitter has-base-color has-cyan-bluish-gray-background-color wp-block-social-link\"><a href=\"https:\/\/www.facebook.com\/medel.unitedstates\" class=\"wp-block-social-link-anchor\"><svg width=\"24\" height=\"24\" viewBox=\"0 0 24 24\" version=\"1.1\" xmlns=\"http:\/\/www.w3.org\/2000\/svg\" aria-hidden=\"true\" focusable=\"false\"><path d=\"M22.23,5.924c-0.736,0.326-1.527,0.547-2.357,0.646c0.847-0.508,1.498-1.312,1.804-2.27 c-0.793,0.47-1.671,0.812-2.606,0.996C18.324,4.498,17.257,4,16.077,4c-2.266,0-4.103,1.837-4.103,4.103 c0,0.322,0.036,0.635,0.106,0.935C8.67,8.867,5.647,7.234,3.623,4.751C3.27,5.357,3.067,6.062,3.067,6.814 c0,1.424,0.724,2.679,1.825,3.415c-0.673-0.021-1.305-0.206-1.859-0.513c0,0.017,0,0.034,0,0.052c0,1.988,1.414,3.647,3.292,4.023 c-0.344,0.094-0.707,0.144-1.081,0.144c-0.264,0-0.521-0.026-0.772-0.074c0.522,1.63,2.038,2.816,3.833,2.85 c-1.404,1.1-3.174,1.756-5.096,1.756c-0.331,0-0.658-0.019-0.979-0.057c1.816,1.164,3.973,1.843,6.29,1.843 c7.547,0,11.675-6.252,11.675-11.675c0-0.178-0.004-0.355-0.012-0.531C20.985,7.47,21.68,6.747,22.23,5.924z\"><\/path><\/svg><span class=\"wp-block-social-link-label screen-reader-text\">Twitter<\/span><\/a><\/li>\n\n<li style=\"color:#ffffff;background-color:#abb8c3;\" class=\"wp-social-link wp-social-link-youtube has-base-color has-cyan-bluish-gray-background-color wp-block-social-link\"><a href=\"https:\/\/www.youtube.com\/channel\/UCq2H8mu0SCkw1HlupBiG3Yw\" class=\"wp-block-social-link-anchor\"><svg width=\"24\" height=\"24\" viewBox=\"0 0 24 24\" version=\"1.1\" xmlns=\"http:\/\/www.w3.org\/2000\/svg\" aria-hidden=\"true\" focusable=\"false\"><path d=\"M21.8,8.001c0,0-0.195-1.378-0.795-1.985c-0.76-0.797-1.613-0.801-2.004-0.847c-2.799-0.202-6.997-0.202-6.997-0.202 h-0.009c0,0-4.198,0-6.997,0.202C4.608,5.216,3.756,5.22,2.995,6.016C2.395,6.623,2.2,8.001,2.2,8.001S2,9.62,2,11.238v1.517 c0,1.618,0.2,3.237,0.2,3.237s0.195,1.378,0.795,1.985c0.761,0.797,1.76,0.771,2.205,0.855c1.6,0.153,6.8,0.201,6.8,0.201 s4.203-0.006,7.001-0.209c0.391-0.047,1.243-0.051,2.004-0.847c0.6-0.607,0.795-1.985,0.795-1.985s0.2-1.618,0.2-3.237v-1.517 C22,9.62,21.8,8.001,21.8,8.001z M9.935,14.594l-0.001-5.62l5.404,2.82L9.935,14.594z\"><\/path><\/svg><span class=\"wp-block-social-link-label screen-reader-text\">YouTube<\/span><\/a><\/li><\/ul>\n<\/div>\n<\/header>\n\n\n\n<div class=\"wp-block-group is-layout-flow wp-block-group-is-layout-flow\" style=\"padding-top:30vh\">\n<p class=\"has-text-align-center\" style=\"font-size:clamp(18.959px, 1.185rem + ((1vw - 3.2px) * 1.255), 30px);font-style:normal;font-weight:100;letter-spacing:7px;text-transform:uppercase\">Hoy es tu d\u00eda para convertirte en<\/p>\n\n\n\n<h1 class=\"wp-block-heading has-text-align-center\" style=\"font-size:clamp(54.054px, 3.378rem + ((1vw - 3.2px) * 6.358), 110px);letter-spacing:24px\">HEAR PEER<\/h1>\n\n\n\n<div class=\"wp-block-buttons is-content-justification-center is-layout-flex wp-container-core-buttons-is-layout-39c6407a wp-block-buttons-is-layout-flex\" style=\"margin-top:48px\">\n<div class=\"wp-block-button\"><a class=\"wp-block-button__link has-contrast-color has-base-background-color has-text-color has-background has-link-color has-inter-font-family has-custom-font-size wp-element-button\" href=\"#form\" style=\"padding-top:20px;padding-right:30px;padding-bottom:20px;padding-left:30px;font-size:0.8rem;text-transform:uppercase\">\u00a1\u00danase a HearPeers Latinos HOY!<\/a><\/div>\n<\/div>\n<\/div>\n<\/div><\/div>\n\n\n\n<div id=\"form\" class=\"wp-block-group has-global-padding is-layout-constrained wp-container-core-group-is-layout-62786071 wp-block-group-is-layout-constrained\" style=\"margin-top:200px;margin-bottom:200px;padding-top:0;padding-bottom:0\">\n<div class=\"wp-block-columns is-layout-flex wp-container-core-columns-is-layout-76136483 wp-block-columns-is-layout-flex\" style=\"margin-top:0;margin-bottom:0;padding-top:0;padding-right:0;padding-bottom:0;padding-left:0\">\n<div class=\"wp-block-column is-layout-flow wp-block-column-is-layout-flow\" style=\"padding-right:50px;padding-left:24px;flex-basis:40%\">\n<h2 class=\"wp-block-heading has-text-color has-link-color wp-elements-166634e6722f92ccf4fa4f115a84ea87\" style=\"color:#cb3309;margin-top:0;margin-right:0;margin-bottom:0;margin-left:0;padding-top:0;padding-right:0;padding-bottom:0;padding-left:0;font-size:clamp(23.043px, 1.44rem + ((1vw - 3.2px) * 1.7), 38px);font-style:normal;font-weight:100;text-transform:uppercase\">\u00a1HearPeers<\/h2>\n\n\n\n<h2 class=\"wp-block-heading has-contrast-color has-text-color has-link-color wp-elements-41f222b446330004eccc8e91cf97045a\" style=\"padding-top:0;padding-right:0;padding-bottom:0;padding-left:0;font-size:clamp(23.043px, 1.44rem + ((1vw - 3.2px) * 1.7), 38px);font-style:normal;font-weight:100;text-transform:uppercase\">Latinos!<\/h2>\n\n\n\n<p class=\"has-source-serif-pro-font-family\" style=\"font-size:clamp(14px, 0.875rem + ((1vw - 3.2px) * 0.455), 18px);\">\u00a1\u00danase a la comunidad de MED-EL HearPeers Latino y a nuestro grupo de Facebook Unidos Oimos!<\/p>\n\n\n\n<p class=\"has-source-serif-pro-font-family\" style=\"font-size:clamp(14px, 0.875rem + ((1vw - 3.2px) * 0.455), 18px);\">HearPeers Latinos de MED-EL les brindar\u00e1 ideas para participar en su comunidad local de p\u00e9rdida auditiva y oportunidades para conocer y compartir experiencias con otros usuarios de MED-EL. No est\u00e1 solo, escucha las historias de otros padres y adultos que viven con su implante coclear. Gracias y esperamos que se una a nuestra comunidad HearPeers Latino \u00a1Porque Unidos O\u00edmos!are in the right place!<\/p>\n\n\n\n<figure class=\"wp-block-image size-full is-resized\" style=\"margin-top:30px;margin-right:0;margin-bottom:30px;margin-left:0\"><img decoding=\"async\" src=\"https:\/\/www.hearpeers.us\/wp-content\/uploads\/hearpeerslogored.svg\" alt=\"\" class=\"wp-image-621\" style=\"width:230px\"\/><\/figure>\n<\/div>\n\n\n\n<div class=\"wp-block-column has-background is-layout-flow wp-block-column-is-layout-flow\" style=\"background-color:#f0f0f0;padding-top:10px;padding-right:10px;padding-bottom:10px;padding-left:10px;flex-basis:60%\">\n<div class=\"wp-block-group has-background is-layout-flow wp-block-group-is-layout-flow\" style=\"background-color:#b7b7b7;padding-top:10px;padding-right:10px;padding-bottom:10px;padding-left:10px\">\n<h2 class=\"wp-block-heading has-text-align-center has-base-color has-text-color has-link-color has-dm-sans-font-family wp-elements-e33046d1a9ed1d590ec3a0b697b2467e\" style=\"padding-top:20px;font-size:clamp(16.834px, 1.052rem + ((1vw - 3.2px) * 1.042), 26px);font-style:normal;font-weight:400\">\u00a1\u00danete a HearPeers hoy!<\/h2>\n\n\n\n<p class=\"has-dm-sans-font-family\" style=\"font-size:clamp(14px, 0.875rem + ((1vw - 3.2px) * 0.227), 16px);\">Complete el siguiente formulario para formar parte de la familia HearPeers. \u00a1Nos pondremos en contacto con usted de inmediato!<\/p>\n<\/div>\n\n\n\n<div class=\"wp-block-group has-global-padding is-layout-constrained wp-block-group-is-layout-constrained\"><\/div>\n\n\n\n<script\n    id=\"4bca891e-bfd0-46f6-8152-7e7885c56fd0-script\"\n    src=\"https:\/\/app.hipaatizer.com\/shared\/hipaatizer-form-renderer.js?workflowId=4bca891e-bfd0-46f6-8152-7e7885c56fd0\"\n><\/script>\n\n<script>\n    new Hipaatizer(\n        \"4bca891e-bfd0-46f6-8152-7e7885c56fd0\",\n        false,\n        \"\",\n        false,\n    ).render();\n<\/script>\n<\/div>\n<\/div>\n<\/div>\n\n\n\n<div class=\"wp-block-cover is-light has-parallax\" style=\"margin-top:0;margin-bottom:0;padding-top:0;padding-right:0;padding-bottom:0;padding-left:0;min-height:50vw;aspect-ratio:unset;\"><div class=\"wp-block-cover__image-background wp-image-9069 size-full has-parallax\" style=\"background-position:50% 50%;background-image:url(https:\/\/www.hearpeers.us\/wp-content\/uploads\/main_jason-e96d718d.jpeg)\"><\/div><span aria-hidden=\"true\" class=\"wp-block-cover__background has-background-dim-10 has-background-dim\" style=\"background-color:#c4bab2\"><\/span><div class=\"wp-block-cover__inner-container is-layout-flow wp-container-core-cover-is-layout-17f6e770 wp-block-cover-is-layout-flow\">\n<p class=\"has-text-align-center has-large-font-size\"><\/p>\n<\/div><\/div>\n","protected":false},"excerpt":{"rendered":"<p>\u00a1HearPeers Latinos! \u00a1\u00danase a la comunidad de MED-EL HearPeers Latino y a nuestro grupo de Facebook Unidos Oimos! HearPeers Latinos de MED-EL les brindar\u00e1 ideas para participar en su comunidad local de p\u00e9rdida auditiva y oportunidades para conocer y compartir experiencias con otros usuarios de MED-EL. No est\u00e1 solo, escucha las historias de otros padres [&hellip;]<\/p>\n","protected":false},"author":8,"featured_media":0,"parent":0,"menu_order":0,"comment_status":"closed","ping_status":"closed","template":"wp-custom-template-hearpeer-homepage","meta":{"footnotes":""},"class_list":["post-9192","page","type-page","status-publish","hentry"],"_links":{"self":[{"href":"https:\/\/www.hearpeers.us\/index.php?rest_route=\/wp\/v2\/pages\/9192","targetHints":{"allow":["GET"]}}],"collection":[{"href":"https:\/\/www.hearpeers.us\/index.php?rest_route=\/wp\/v2\/pages"}],"about":[{"href":"https:\/\/www.hearpeers.us\/index.php?rest_route=\/wp\/v2\/types\/page"}],"author":[{"embeddable":true,"href":"https:\/\/www.hearpeers.us\/index.php?rest_route=\/wp\/v2\/users\/8"}],"replies":[{"embeddable":true,"href":"https:\/\/www.hearpeers.us\/index.php?rest_route=%2Fwp%2Fv2%2Fcomments&post=9192"}],"version-history":[{"count":8,"href":"https:\/\/www.hearpeers.us\/index.php?rest_route=\/wp\/v2\/pages\/9192\/revisions"}],"predecessor-version":[{"id":9251,"href":"https:\/\/www.hearpeers.us\/index.php?rest_route=\/wp\/v2\/pages\/9192\/revisions\/9251"}],"wp:attachment":[{"href":"https:\/\/www.hearpeers.us\/index.php?rest_route=%2Fwp%2Fv2%2Fmedia&parent=9192"}],"curies":[{"name":"wp","href":"https:\/\/api.w.org\/{rel}","templated":true}]}}